{"id":505,"date":"2014-01-18T13:53:59","date_gmt":"2014-01-18T11:53:59","guid":{"rendered":"http:\/\/www.richardhop.nl\/?page_id=505"},"modified":"2015-05-02T20:55:26","modified_gmt":"2015-05-02T18:55:26","slug":"portugues","status":"publish","type":"page","link":"https:\/\/richardhop.nl\/?page_id=505","title":{"rendered":"Portugu\u00eas"},"content":{"rendered":"<h2>Download Bart Shootmania 3D Skins<\/h2>\n<figure id=\"attachment_439\" aria-describedby=\"caption-attachment-439\" style=\"width: 128px\" class=\"wp-caption alignleft\"><a href=\"https:\/\/richardhop.nl\/afbeeldingen\/ShootManiaSkins\/Bart%202014.Skin.Pack.Gbx\"><img loading=\"lazy\" decoding=\"async\" class=\" wp-image-439 \" src=\"https:\/\/richardhop.nl\/wp-content\/uploads\/Bart-2014.jpg\" alt=\"Click here to download file\" width=\"128\" height=\"128\" \/><\/a><figcaption id=\"caption-attachment-439\" class=\"wp-caption-text\">Click here to download the updated file<\/figcaption><\/figure>\n<figure id=\"attachment_544\" aria-describedby=\"caption-attachment-544\" style=\"width: 128px\" class=\"wp-caption alignleft\"><a href=\"https:\/\/richardhop.nl\/afbeeldingen\/ShootManiaSkins\/BrutalBart.Skin.Pack.Gbx\"><img loading=\"lazy\" decoding=\"async\" class=\" wp-image-439 \" src=\"https:\/\/richardhop.nl\/wp-content\/uploads\/Icon.jpg\" alt=\"Click here to download file\" width=\"128\" height=\"128\" \/><\/a><figcaption id=\"caption-attachment-544\" class=\"wp-caption-text\">Click here to download the Brutal Bart file<\/figcaption><\/figure>\n<figure id=\"attachment_576\" aria-describedby=\"caption-attachment-576\" style=\"width: 128px\" class=\"wp-caption alignleft\"><a href=\"https:\/\/richardhop.nl\/afbeeldingen\/ShootManiaSkins\/BartBones.Skin.Pack.Gbx\"><img loading=\"lazy\" decoding=\"async\" class=\"size-full wp-image-576\" src=\"https:\/\/richardhop.nl\/wp-content\/uploads\/Bart-Bones.jpg\" alt=\"Download Bart Bones here !\" width=\"128\" height=\"128\" \/><\/a><figcaption id=\"caption-attachment-576\" class=\"wp-caption-text\">Click here to download the Bart Bones file<\/figcaption><\/figure>\n<p>&nbsp;<\/p>\n<p>&nbsp;<\/p>\n<p>&nbsp;<\/p>\n<p>&nbsp;<\/p>\n<p>&nbsp;<\/p>\n<p>&nbsp;<\/p>\n<p><span style=\"color: #ff0000;\"><strong>(500 planets)SOON on MANIAPARK for 99 Planets !<\/strong><\/span><\/p>\n<p>Bart Simpson\u00a91999 20TH CENTURY FOX FILM CORP.<\/p>\n<p>&nbsp;<\/p>\n<p><strong>Ultima actualiza\u00e7\u00e3o Bart 2014:<\/strong>\u00a0Monday 27-Jan-2014 17:06<br \/>\n<strong>Ultima actualiza\u00e7\u00e3o Brutal Bart:<\/strong>\u00a0Monday 27-Jan-2014 17:06<br \/>\n<strong>Ultima actualiza\u00e7\u00e3o Bart Bones:<\/strong>\u00a0Tuesday 28-Jan-2014 20:20<\/p>\n<p>Uma vez feito o download e terem pago, podem fazer a actualiza\u00e7\u00e3o <span style=\"text-decoration: underline;\">gratis<\/span>.<\/p>\n<p>(Coloquem o ficheiro em : Documentos\\ManiaPlanet\\Skins\\Models\\ArenaPlayer)<\/p>\n<p>Ficheiro Locator aqui Bart 2014: <a href=\"https:\/\/richardhop.nl\/afbeeldingen\/ShootManiaSkins\/Bart%202014.Skin.Pack.Gbx.loc\">Clicar no bot\u00e3o direito do rato \u2013 Salvar como.. <\/a>(.loc)<br \/>\nFicheiro Locator aqui Brutal Bart: <a href=\"https:\/\/richardhop.nl\/afbeeldingen\/ShootManiaSkins\/BrutalBart.Skin.Pack.Gbx.loc\">Clicar no bot\u00e3o direito do rato \u2013 Salvar como.. <\/a>(.loc)<br \/>\nFicheiro Locator aqui BartBones: <a href=\"https:\/\/richardhop.nl\/afbeeldingen\/ShootManiaSkins\/BartBones.Skin.Pack.Gbx.loc\">Clicar no bot\u00e3o direito do rato \u2013 Salvar como.. <\/a>(.loc)<\/p>\n<p>(Coloquem o Locator em : Documentos\\ManiaPlanet\\Skins\\Models\\ArenaPlayer)<\/p>\n<p>(Icone , e buzina, feito por:<span style=\"color: #ff0000;\">LYNX<span style=\"color: #0099ff;\">\u00b0<\/span><span style=\"color: #00ff00;\">\u00b0<\/span><span style=\"color: #ff0000;\">\u00b0<\/span><span style=\"color: #0000ff;\">\u00b0<\/span><span style=\"color: #000000;\">Scrwdrvr, obrigado)<\/span><\/span><\/p>\n<p><span style=\"color: #ff0000;\"> <span style=\"color: #000000;\">(Ajuda para colocar no site<\/span> <span style=\"color: #ff0000;\">LYNX<\/span><span style=\"color: #0099ff;\">\u00b0<\/span><span style=\"color: #00ff00;\">\u00b0<\/span><span style=\"color: #ff0000;\">\u00b0<\/span><span style=\"color: #0000ff;\">\u00b0<\/span><span style=\"color: #000000;\">Weerwolf, obrigado<\/span><\/span><\/p>\n<p>(Brutal Bart Skin,Bart Bones skin made by <span style=\"color: #ff0000;\">LYNX<\/span><span style=\"color: #0099ff;\">\u00b0<\/span><span style=\"color: #00ff00;\">\u00b0<\/span><span style=\"color: #ff0000;\">\u00b0<\/span><span style=\"color: #0000ff;\">\u00b0<\/span><span style=\"color: #000000;\">D-Jay78<\/span>, obrigado)<br \/>\n(Glowing file made for visible in dark, made by <span style=\"color: #ff0000;\">LYNX<\/span><span style=\"color: #0099ff;\">\u00b0<\/span><span style=\"color: #00ff00;\">\u00b0<\/span><span style=\"color: #ff0000;\">\u00b0<\/span><span style=\"color: #0000ff;\">\u00b0<\/span><span style=\"color: #000000;\">Trabant<\/span>, obrigado)<\/p>\n<p><strong>Descri\u00e7\u00e3o do modelo<\/strong><\/p>\n<ul>\n<ul>\n<li>N\u00e3o h\u00e1 devolu\u00e7\u00f5es<\/li>\n<li>Uma vez feito o download, podem fazer de novo que n\u00e3o pagam por isso. O nome fica gravado.<\/li>\n<li>O download \u00e9 gr\u00e1tis s\u00f3 quando o usarem no jogo, pagam\u00a099 planets<\/li>\n<li>Durante a instala\u00e7\u00e3o escolham pagar os\u00a099 planets ( n\u00e3o t\u00eam a chave )<\/li>\n<li>O modelo \u00e9 ficional, foi trazido para o jogo por mim<\/li>\n<li>O modelo n\u00e3o est\u00e1 no Maniapark porque custa 500 planets<\/li>\n<li>Maniapark n\u00e3o \u00e9 respons\u00e1vel pelo modelo<\/li>\n<li>Skin auto-ajusta as cores conforme a equipa<\/li>\n<li>3D framewire foi descarregada por Sketchup warehouse<\/li>\n<li>Modelo feito para Shootmania por:<strong>benjiken<\/strong> ( <a title=\"Steam account of Benjiken\" href=\"http:\/\/steamcommunity.com\/id\/benjiken0\" target=\"_blank\">Steam account<\/a> or his <a title=\"Benjiken's Maniapark account\" href=\"http:\/\/www.maniapark.com\/forum\/memberlist.php?mode=viewprofile&amp;u=61366\" target=\"_blank\">Maniapark account<\/a> )<\/li>\n<li>\u00a91999 20TH CENTURY FOX FILM CORP. tem os direitos reservados de Bart Simpson\u00a9<\/li>\n<li>Noticias legais de Bart Simpson\u00a9 encontram-se aqui <a href=\"http:\/\/animatedtv.about.com\/od\/faqs\/f\/faqwebsite.htm\" target=\"_blank\">como <\/a><\/li>\n<\/ul>\n<\/ul>\n<p>&nbsp;<\/p>\n<figure id=\"attachment_489\" aria-describedby=\"caption-attachment-489\" style=\"width: 300px\" class=\"wp-caption alignleft\"><a href=\"https:\/\/richardhop.nl\/wp-content\/uploads\/Bart_2014_Screenie.jpg\"><img loading=\"lazy\" decoding=\"async\" class=\"size-medium wp-image-489\" src=\"https:\/\/richardhop.nl\/wp-content\/uploads\/Bart_2014_Screenie-300x168.jpg\" alt=\"Ingame Screenshot\" width=\"300\" height=\"168\" srcset=\"https:\/\/richardhop.nl\/wp-content\/uploads\/Bart_2014_Screenie-300x168.jpg 300w, https:\/\/richardhop.nl\/wp-content\/uploads\/Bart_2014_Screenie-1024x576.jpg 1024w, https:\/\/richardhop.nl\/wp-content\/uploads\/Bart_2014_Screenie.jpg 1920w\" sizes=\"auto, (max-width: 300px) 100vw, 300px\" \/><\/a><figcaption id=\"caption-attachment-489\" class=\"wp-caption-text\">Ingame Screenshot<\/figcaption><\/figure>\n<p>&nbsp;<\/p>\n<p>&nbsp;<\/p>\n<p>&nbsp;<\/p>\n<p>&nbsp;<\/p>\n<p>&nbsp;<\/p>\n<p>&nbsp;<\/p>\n<figure id=\"attachment_586\" aria-describedby=\"caption-attachment-586\" style=\"width: 300px\" class=\"wp-caption alignleft\"><a href=\"https:\/\/richardhop.nl\/wp-content\/uploads\/Bart-Bones-ingame-screenshot.jpg\"><img loading=\"lazy\" decoding=\"async\" class=\"size-medium wp-image-586\" src=\"https:\/\/richardhop.nl\/wp-content\/uploads\/Bart-Bones-ingame-screenshot-300x168.jpg\" alt=\"Ingame screenshot of Bart Bones Made by: LYNX\u00b0\u00b0\u00b0\u00b0D-JAY78&lt;\/span\" width=\"300\" height=\"168\" srcset=\"https:\/\/richardhop.nl\/wp-content\/uploads\/Bart-Bones-ingame-screenshot-300x168.jpg 300w, https:\/\/richardhop.nl\/wp-content\/uploads\/Bart-Bones-ingame-screenshot-1024x576.jpg 1024w, https:\/\/richardhop.nl\/wp-content\/uploads\/Bart-Bones-ingame-screenshot.jpg 1920w\" sizes=\"auto, (max-width: 300px) 100vw, 300px\" \/><\/a><figcaption id=\"caption-attachment-586\" class=\"wp-caption-text\">Ingame screenshot of Bart Bones<br \/>Made by: <span style=\"color: #ff0000;\">LYNX<\/span><span style=\"color: #0099ff;\">\u00b0<\/span><span style=\"color: #00ff00;\">\u00b0<\/span><span style=\"color: #ff0000;\">\u00b0<\/span><span style=\"color: #0000ff;\">\u00b0<\/span><span style=\"color: #000000;\">D-JAY78<\/span><\/figcaption><\/figure>\n<p>&nbsp;<\/p>\n<p>&nbsp;<\/p>\n<p>&nbsp;<\/p>\n<p>&nbsp;<\/p>\n<p>&nbsp;<\/p>\n<p>&nbsp;<\/p>\n<p>&nbsp;<\/p>\n<p>&nbsp;<\/p>\n<p>&nbsp;<\/p>\n<p>(Making Brutal Bart, Bart Bones, screenshots and translation\u00a0<span style=\"color: #ff0000;\">LYNX<\/span><span style=\"color: #0099ff;\">\u00b0<\/span><span style=\"color: #00ff00;\">\u00b0<\/span><span style=\"color: #ff0000;\">\u00b0<\/span><span style=\"color: #0000ff;\">\u00b0<\/span><span style=\"color: #000000;\">D-JAY78<\/span>, obrigado)<\/p>\n","protected":false},"excerpt":{"rendered":"<p>Download Bart Shootmania 3D Skins &nbsp; &nbsp; &nbsp; &nbsp; &nbsp; &nbsp; (500 planets)SOON on MANIAPARK for 99 Planets ! Bart Simpson\u00a91999 20TH CENTURY FOX FILM CORP. &nbsp; Ultima actualiza\u00e7\u00e3o Bart [&hellip;]<\/p>\n","protected":false},"author":1,"featured_media":0,"parent":0,"menu_order":0,"comment_status":"closed","ping_status":"closed","template":"","meta":{"footnotes":"","_links_to":"","_links_to_target":""},"class_list":["post-505","page","type-page","status-publish","hentry"],"_links":{"self":[{"href":"https:\/\/richardhop.nl\/index.php?rest_route=\/wp\/v2\/pages\/505","targetHints":{"allow":["GET"]}}],"collection":[{"href":"https:\/\/richardhop.nl\/index.php?rest_route=\/wp\/v2\/pages"}],"about":[{"href":"https:\/\/richardhop.nl\/index.php?rest_route=\/wp\/v2\/types\/page"}],"author":[{"embeddable":true,"href":"https:\/\/richardhop.nl\/index.php?rest_route=\/wp\/v2\/users\/1"}],"replies":[{"embeddable":true,"href":"https:\/\/richardhop.nl\/index.php?rest_route=%2Fwp%2Fv2%2Fcomments&post=505"}],"version-history":[{"count":51,"href":"https:\/\/richardhop.nl\/index.php?rest_route=\/wp\/v2\/pages\/505\/revisions"}],"predecessor-version":[{"id":680,"href":"https:\/\/richardhop.nl\/index.php?rest_route=\/wp\/v2\/pages\/505\/revisions\/680"}],"wp:attachment":[{"href":"https:\/\/richardhop.nl\/index.php?rest_route=%2Fwp%2Fv2%2Fmedia&parent=505"}],"curies":[{"name":"wp","href":"https:\/\/api.w.org\/{rel}","templated":true}]}}